{"id":528,"date":"2023-06-01T23:14:57","date_gmt":"2023-06-01T23:14:57","guid":{"rendered":"https:\/\/asibei.net\/wp\/?page_id=528"},"modified":"2025-10-14T13:48:54","modified_gmt":"2025-10-14T13:48:54","slug":"asibei","status":"publish","type":"page","link":"https:\/\/asibei.net\/wp\/asibei\/","title":{"rendered":"ASIBEI"},"content":{"rendered":"\t\t<div data-elementor-type=\"wp-page\" data-elementor-id=\"528\" class=\"elementor elementor-528\">\n\t\t\t\t\t\t<section class=\"elementor-section elementor-top-section elementor-element elementor-element-3878b6b elementor-section-boxed elementor-section-height-default elementor-section-height-default\" data-id=\"3878b6b\" data-element_type=\"section\">\n\t\t\t\t\t\t<div class=\"elementor-container elementor-column-gap-default\">\n\t\t\t\t\t<div class=\"elementor-column elementor-col-100 elementor-top-column elementor-element elementor-element-65dc158\" data-id=\"65dc158\" data-element_type=\"column\">\n\t\t\t<div class=\"elementor-widget-wrap elementor-element-populated\">\n\t\t\t\t\t\t<div class=\"elementor-element elementor-element-05aff26 elementor-widget elementor-widget-image\" data-id=\"05aff26\" data-element_type=\"widget\" data-widget_type=\"image.default\">\n\t\t\t\t<div class=\"elementor-widget-container\">\n\t\t\t<style>\/*! elementor - v3.19.0 - 07-02-2024 *\/\n.elementor-widget-image{text-align:center}.elementor-widget-image a{display:inline-block}.elementor-widget-image a img[src$=\".svg\"]{width:48px}.elementor-widget-image img{vertical-align:middle;display:inline-block}<\/style>\t\t\t\t\t\t\t\t\t\t<img fetchpriority=\"high\" decoding=\"async\" width=\"402\" height=\"166\" src=\"https:\/\/asibei.net\/wp\/wp-content\/uploads\/2023\/06\/logo-asibei-2.png\" class=\"attachment-full size-full wp-image-587\" alt=\"\" srcset=\"https:\/\/asibei.net\/wp\/wp-content\/uploads\/2023\/06\/logo-asibei-2.png 402w, https:\/\/asibei.net\/wp\/wp-content\/uploads\/2023\/06\/logo-asibei-2-300x124.png 300w\" sizes=\"(max-width: 402px) 100vw, 402px\" \/>\t\t\t\t\t\t\t\t\t\t\t\t\t<\/div>\n\t\t\t\t<\/div>\n\t\t\t\t\t<\/div>\n\t\t<\/div>\n\t\t\t\t\t<\/div>\n\t\t<\/section>\n\t\t\t\t<section class=\"elementor-section elementor-top-section elementor-element elementor-element-1623c0e elementor-section-boxed elementor-section-height-default elementor-section-height-default\" data-id=\"1623c0e\" data-element_type=\"section\">\n\t\t\t\t\t\t<div class=\"elementor-container elementor-column-gap-default\">\n\t\t\t\t\t<div class=\"elementor-column elementor-col-100 elementor-top-column elementor-element elementor-element-4bdb76f\" data-id=\"4bdb76f\" data-element_type=\"column\">\n\t\t\t<div class=\"elementor-widget-wrap elementor-element-populated\">\n\t\t\t\t\t\t<div class=\"elementor-element elementor-element-9675723 elementor-widget elementor-widget-text-editor\" data-id=\"9675723\" data-element_type=\"widget\" data-widget_type=\"text-editor.default\">\n\t\t\t\t<div class=\"elementor-widget-container\">\n\t\t\t<style>\/*! elementor - v3.19.0 - 07-02-2024 *\/\n.elementor-widget-text-editor.elementor-drop-cap-view-stacked .elementor-drop-cap{background-color:#69727d;color:#fff}.elementor-widget-text-editor.elementor-drop-cap-view-framed .elementor-drop-cap{color:#69727d;border:3px solid;background-color:transparent}.elementor-widget-text-editor:not(.elementor-drop-cap-view-default) .elementor-drop-cap{margin-top:8px}.elementor-widget-text-editor:not(.elementor-drop-cap-view-default) .elementor-drop-cap-letter{width:1em;height:1em}.elementor-widget-text-editor .elementor-drop-cap{float:left;text-align:center;line-height:1;font-size:50px}.elementor-widget-text-editor .elementor-drop-cap-letter{display:inline-block}<\/style>\t\t\t\t<p>Tiene sus or\u00edgenes en el ICE (Instituto de Ciencias de la Educaci\u00f3n) de la Universidad Polit\u00e9cnica de Madrid en el a\u00f1o 1997, dentro de lo que fue el I Encuentro Iberoamericano de Directivos en las Ense\u00f1anzas de Ingenier\u00eda, idea que fue presentada por el presidente de CONFEDI (Consejo Federal de Decanos de Ingenier\u00eda de la Rep\u00fablica Argentina), Ing. Julio Pedro Ortiz, y por el Ing. Luis Ortiz Berrocan (Q.E.P.D) y la Dra. Rosa Mar\u00eda Gonz\u00e1lez Tirados, ambos de la Universidad Polit\u00e9cnica de Madrid.<\/p><p>El esfuerzo com\u00fan e inicial de ABENGE (Brasil), ACOFI (Colombia), ANFEI (M\u00e9xico), CONAFIP (Per\u00fa), CONDEFI (Chile) y Facultades de Ingenier\u00eda como las de Universidad Nacional de Asunci\u00f3n (Paraguay), Universidad de la Republica (Uruguay), N\u00facleo de Decanos de Ingenier\u00eda (Venezuela), Universidad de la Coru\u00f1a (Espa\u00f1a) y Universidad de Aveiro (Portugal), cristaliz\u00f3 en 1999 en la formalizaci\u00f3n durante el II Encuentro Iberoamericano de Educaci\u00f3n en Ingenier\u00eda que se llev\u00f3 a cabo en Mar del Plata, Argentina.<\/p>\t\t\t\t\t\t<\/div>\n\t\t\t\t<\/div>\n\t\t\t\t<div class=\"elementor-element elementor-element-fcc4232 elementor-widget elementor-widget-text-editor\" data-id=\"fcc4232\" data-element_type=\"widget\" data-widget_type=\"text-editor.default\">\n\t\t\t\t<div class=\"elementor-widget-container\">\n\t\t\t\t\t\t\t<p><strong>Objetivo:<\/strong> promover el intercambio de conocimientos para perfeccionar la formaci\u00f3n de nuestros acad\u00e9micos y profesionales de la ingenier\u00eda, buscando engrandecer una actividad fundamental para el desarrollo de nuestros pa\u00edses y de aquellos que habitamos esta Iberoam\u00e9rica.<\/p>\t\t\t\t\t\t<\/div>\n\t\t\t\t<\/div>\n\t\t\t\t\t<\/div>\n\t\t<\/div>\n\t\t\t\t\t<\/div>\n\t\t<\/section>\n\t\t\t\t<section class=\"elementor-section elementor-top-section elementor-element elementor-element-bae95c9 elementor-section-boxed elementor-section-height-default elementor-section-height-default\" data-id=\"bae95c9\" data-element_type=\"section\">\n\t\t\t\t\t\t<div class=\"elementor-container elementor-column-gap-default\">\n\t\t\t\t\t<div class=\"elementor-column elementor-col-100 elementor-top-column elementor-element elementor-element-6015339\" data-id=\"6015339\" data-element_type=\"column\">\n\t\t\t<div class=\"elementor-widget-wrap elementor-element-populated\">\n\t\t\t\t\t\t<div class=\"elementor-element elementor-element-a119db2 elementor-widget elementor-widget-spacer\" data-id=\"a119db2\" data-element_type=\"widget\" data-widget_type=\"spacer.default\">\n\t\t\t\t<div class=\"elementor-widget-container\">\n\t\t\t<style>\/*! elementor - v3.19.0 - 07-02-2024 *\/\n.elementor-column .elementor-spacer-inner{height:var(--spacer-size)}.e-con{--container-widget-width:100%}.e-con-inner>.elementor-widget-spacer,.e-con>.elementor-widget-spacer{width:var(--container-widget-width,var(--spacer-size));--align-self:var(--container-widget-align-self,initial);--flex-shrink:0}.e-con-inner>.elementor-widget-spacer>.elementor-widget-container,.e-con>.elementor-widget-spacer>.elementor-widget-container{height:100%;width:100%}.e-con-inner>.elementor-widget-spacer>.elementor-widget-container>.elementor-spacer,.e-con>.elementor-widget-spacer>.elementor-widget-container>.elementor-spacer{height:100%}.e-con-inner>.elementor-widget-spacer>.elementor-widget-container>.elementor-spacer>.elementor-spacer-inner,.e-con>.elementor-widget-spacer>.elementor-widget-container>.elementor-spacer>.elementor-spacer-inner{height:var(--container-widget-height,var(--spacer-size))}.e-con-inner>.elementor-widget-spacer.elementor-widget-empty,.e-con>.elementor-widget-spacer.elementor-widget-empty{position:relative;min-height:22px;min-width:22px}.e-con-inner>.elementor-widget-spacer.elementor-widget-empty .elementor-widget-empty-icon,.e-con>.elementor-widget-spacer.elementor-widget-empty .elementor-widget-empty-icon{position:absolute;top:0;bottom:0;left:0;right:0;margin:auto;padding:0;width:22px;height:22px}<\/style>\t\t<div class=\"elementor-spacer\">\n\t\t\t<div class=\"elementor-spacer-inner\"><\/div>\n\t\t<\/div>\n\t\t\t\t<\/div>\n\t\t\t\t<\/div>\n\t\t\t\t\t<\/div>\n\t\t<\/div>\n\t\t\t\t\t<\/div>\n\t\t<\/section>\n\t\t\t\t<\/div>\n\t\t","protected":false},"excerpt":{"rendered":"<p>Tiene sus or\u00edgenes en el ICE (Instituto de Ciencias de la Educaci\u00f3n) de la Universidad Polit\u00e9cnica de Madrid en el a\u00f1o 1997, dentro de lo que fue el I Encuentro Iberoamericano de Directivos en las Ense\u00f1anzas de Ingenier\u00eda, idea que fue presentada por el presidente de CONFEDI (Consejo Federal de Decanos de Ingenier\u00eda de la [&hellip;]<\/p>\n","protected":false},"author":1,"featured_media":0,"parent":0,"menu_order":0,"comment_status":"closed","ping_status":"closed","template":"","meta":{"_eb_attr":"","footnotes":""},"class_list":["post-528","page","type-page","status-publish","hentry"],"_links":{"self":[{"href":"https:\/\/asibei.net\/wp\/wp-json\/wp\/v2\/pages\/528","targetHints":{"allow":["GET"]}}],"collection":[{"href":"https:\/\/asibei.net\/wp\/wp-json\/wp\/v2\/pages"}],"about":[{"href":"https:\/\/asibei.net\/wp\/wp-json\/wp\/v2\/types\/page"}],"author":[{"embeddable":true,"href":"https:\/\/asibei.net\/wp\/wp-json\/wp\/v2\/users\/1"}],"replies":[{"embeddable":true,"href":"https:\/\/asibei.net\/wp\/wp-json\/wp\/v2\/comments?post=528"}],"version-history":[{"count":13,"href":"https:\/\/asibei.net\/wp\/wp-json\/wp\/v2\/pages\/528\/revisions"}],"predecessor-version":[{"id":2058,"href":"https:\/\/asibei.net\/wp\/wp-json\/wp\/v2\/pages\/528\/revisions\/2058"}],"wp:attachment":[{"href":"https:\/\/asibei.net\/wp\/wp-json\/wp\/v2\/media?parent=528"}],"curies":[{"name":"wp","href":"https:\/\/api.w.org\/{rel}","templated":true}]}}